{"id":551,"date":"2020-05-21T13:02:30","date_gmt":"2020-05-21T13:02:30","guid":{"rendered":"http:\/\/3styler.net\/themes\/anymag\/main\/?page_id=2"},"modified":"2021-04-13T11:33:46","modified_gmt":"2021-04-13T11:33:46","slug":"about-me","status":"publish","type":"page","link":"https:\/\/saludhable.net\/index.php\/about-me\/","title":{"rendered":"Sobre Nosotros"},"content":{"rendered":"\n<h2 class=\"wp-block-heading\">SALUDHABLE | REVISTA GRATUITA<\/h2>\n\n\n\n<figure class=\"wp-block-image size-large\"><img loading=\"lazy\" decoding=\"async\" width=\"1024\" height=\"643\" src=\"https:\/\/saludhable.net\/wp-content\/uploads\/2021\/04\/SALUDHABLE-foto-1024x643.jpg\" alt=\"\" class=\"wp-image-1609\" srcset=\"https:\/\/saludhable.net\/wp-content\/uploads\/2021\/04\/SALUDHABLE-foto-1024x643.jpg 1024w, https:\/\/saludhable.net\/wp-content\/uploads\/2021\/04\/SALUDHABLE-foto-300x188.jpg 300w, https:\/\/saludhable.net\/wp-content\/uploads\/2021\/04\/SALUDHABLE-foto-768x483.jpg 768w, https:\/\/saludhable.net\/wp-content\/uploads\/2021\/04\/SALUDHABLE-foto-1536x965.jpg 1536w, https:\/\/saludhable.net\/wp-content\/uploads\/2021\/04\/SALUDHABLE-foto-2048x1287.jpg 2048w\" sizes=\"auto, (max-width: 1024px) 100vw, 1024px\" \/><\/figure>\n\n\n\n<div class=\"wp-block-columns is-layout-flex wp-container-core-columns-is-layout-9d6595d7 wp-block-columns-is-layout-flex\">\n<div class=\"wp-block-column is-layout-flow wp-block-column-is-layout-flow\">\n<p><strong><span class=\"has-inline-color has-vivid-cyan-blue-color\">Saludhable<\/span><\/strong> personifica la mezcla entre ocio y consejos para vivir bien. Entre sus p\u00e1ginas adornadas con dise\u00f1os cl\u00e1sicos, que combinan con lo moderno, encontrar\u00e9is un producto que inspira a sus lectores a motivarse y a aprender curiosidades. <br><br>Siempre con art\u00edculos pensados para el p\u00fablico m\u00e1s diverso, desde juegos para los m\u00e1s peque\u00f1os, hasta consejos de vida para los adultos.<br><br><\/p>\n<\/div>\n\n\n\n<div class=\"wp-block-column is-layout-flow wp-block-column-is-layout-flow\">\n<p>El producto es gran relevancia social ya que son temas que tocan de cerca a todo el mundo y por pol\u00edtica de empresa, cuidamos mucho que los anunciantes con productos sensibles no aptos para todos los p\u00fablicos no se vean reflejados ya que la revista es de libre acceso y puede caer en manos de menores de edad. Creemos necesario cuidar de la imagen general del producto utilizando este criterio inquebrantable.<\/p>\n<\/div>\n<\/div>\n\n\n\n<blockquote class=\"wp-block-quote is-layout-flow wp-block-quote-is-layout-flow\"><p>REVISTA F\u00cdSICA<\/p><\/blockquote>\n\n\n\n<div class=\"wp-block-columns is-layout-flex wp-container-core-columns-is-layout-9d6595d7 wp-block-columns-is-layout-flex\">\n<div class=\"wp-block-column is-layout-flow wp-block-column-is-layout-flow\">\n<div class=\"wp-block-image\"><figure class=\"alignright size-large is-resized\"><img loading=\"lazy\" decoding=\"async\" src=\"https:\/\/saludhable.net\/wp-content\/uploads\/2021\/04\/revista-fisica.jpg\" alt=\"\" class=\"wp-image-1614\" width=\"218\" height=\"268\" srcset=\"https:\/\/saludhable.net\/wp-content\/uploads\/2021\/04\/revista-fisica.jpg 771w, https:\/\/saludhable.net\/wp-content\/uploads\/2021\/04\/revista-fisica-244x300.jpg 244w, https:\/\/saludhable.net\/wp-content\/uploads\/2021\/04\/revista-fisica-768x945.jpg 768w\" sizes=\"auto, (max-width: 218px) 100vw, 218px\" \/><\/figure><\/div>\n<\/div>\n\n\n\n<div class=\"wp-block-column is-layout-flow wp-block-column-is-layout-flow\">\n<p>El tama\u00f1o de la revista es de 17cm de ancho y 24 cent\u00edmetros de alto.<\/p>\n\n\n\n<p>Tiene un formato muy novedoso y muy pr\u00e1ctico para el lector. Se guarda f\u00e1cilmente en cualquier bolso o mochila sin que ocupe mucho espacio lo que hace que se transporte m\u00e1s f\u00e1cilmente.<br><br>La calidad del papel es uno de los puntos resaltan nuestros lectores porque transfiere una agradable sensaci\u00f3n al tacto, haciendo m\u00e1s amena la experiencia de leer <strong><span class=\"has-inline-color has-vivid-cyan-blue-color\">Saludhable<\/span><\/strong>. Todo se debe a que para el producto utilizamos papel couch\u00e9 de 115 gramos, que adem\u00e1s el da una mayor vida al ejemplar.<\/p>\n<\/div>\n\n\n\n<div class=\"wp-block-column is-layout-flow wp-block-column-is-layout-flow\">\n<figure class=\"wp-block-image size-large\"><img loading=\"lazy\" decoding=\"async\" width=\"628\" height=\"628\" src=\"https:\/\/saludhable.net\/wp-content\/uploads\/2021\/04\/pappel.jpg\" alt=\"\" class=\"wp-image-1615\" srcset=\"https:\/\/saludhable.net\/wp-content\/uploads\/2021\/04\/pappel.jpg 628w, https:\/\/saludhable.net\/wp-content\/uploads\/2021\/04\/pappel-300x300.jpg 300w, https:\/\/saludhable.net\/wp-content\/uploads\/2021\/04\/pappel-150x150.jpg 150w, https:\/\/saludhable.net\/wp-content\/uploads\/2021\/04\/pappel-60x60.jpg 60w\" sizes=\"auto, (max-width: 628px) 100vw, 628px\" \/><\/figure>\n<\/div>\n<\/div>\n\n\n\n<p>Saludhable lleva en la calle 8 a\u00f1os desde su inicio all\u00e1 por el 2013 y desde el principio su distribuci\u00f3n se ha realizado por todas las zonas de Aranjuez. Gracias a la calidad y variedad de su contenido ha logrado ser un referente en el municipio ganando lectores que disfrutan con Saludhable.<\/p>\n\n\n\n<p>Como henos dicho, la revista abarca todo el territorio de Aranjuez con muchos locales colaboradores, adem\u00e1s de sitios p\u00fablicos donde se da una gran afluencia de p\u00fablico. Lugares como el Hospital del Tajo, los Centros de Salud, m\u00faltiples cafeter\u00edas y restaurantes, farmacias, estancos, centro comercial El Deleite, administraciones de loter\u00eda y negocios de est\u00e9tica y peluquer\u00eda, entre otros muchos.<br><\/p>\n\n\n\n<h2 class=\"has-text-align-center wp-block-heading\">2013 \u00b7 2014 \u00b7 2015 \u00b7 2016 \u00b7 2017 \u00b7 2018 \u00b7 2019 \u00b7 2020 \u00b7 2021<\/h2>\n\n\n\n<figure class=\"wp-block-image size-large\"><img loading=\"lazy\" decoding=\"async\" width=\"1024\" height=\"338\" src=\"https:\/\/saludhable.net\/wp-content\/uploads\/2021\/04\/SALUDHABLE-anos-1024x338.jpg\" alt=\"\" class=\"wp-image-1618\" srcset=\"https:\/\/saludhable.net\/wp-content\/uploads\/2021\/04\/SALUDHABLE-anos-1024x338.jpg 1024w, https:\/\/saludhable.net\/wp-content\/uploads\/2021\/04\/SALUDHABLE-anos-300x99.jpg 300w, https:\/\/saludhable.net\/wp-content\/uploads\/2021\/04\/SALUDHABLE-anos-768x253.jpg 768w, https:\/\/saludhable.net\/wp-content\/uploads\/2021\/04\/SALUDHABLE-anos-1536x507.jpg 1536w, https:\/\/saludhable.net\/wp-content\/uploads\/2021\/04\/SALUDHABLE-anos-2048x676.jpg 2048w\" sizes=\"auto, (max-width: 1024px) 100vw, 1024px\" \/><\/figure>\n","protected":false},"excerpt":{"rendered":"<p>SALUDHABLE | REVISTA GRATUITA Saludhable personifica la mezcla entre ocio y consejos para vivir bien. Entre sus p\u00e1ginas adornadas con dise\u00f1os cl\u00e1sicos, que combinan con lo moderno, encontrar\u00e9is un producto que inspira a sus lectores a motivarse y a aprender curiosidades. Siempre con art\u00edculos pensados para el p\u00fablico m\u00e1s diverso, desde juegos para los m\u00e1s [&hellip;]<\/p>\n","protected":false},"author":2,"featured_media":1608,"parent":0,"menu_order":0,"comment_status":"closed","ping_status":"closed","template":"","meta":{"_acf_changed":false,"footnotes":""},"class_list":["post-551","page","type-page","status-publish","has-post-thumbnail","hentry"],"acf":[],"yoast_head":"<!-- This site is optimized with the Yoast SEO plugin v27.4 - https:\/\/yoast.com\/product\/yoast-seo-wordpress\/ -->\n<title>Sobre Nosotros - saludhable.net<\/title>\n<meta name=\"robots\" content=\"index, follow, max-snippet:-1, max-image-preview:large, max-video-preview:-1\" \/>\n<link rel=\"canonical\" href=\"https:\/\/saludhable.net\/index.php\/about-me\/\" \/>\n<meta property=\"og:locale\" content=\"es_ES\" \/>\n<meta property=\"og:type\" content=\"article\" \/>\n<meta property=\"og:title\" content=\"Sobre Nosotros - saludhable.net\" \/>\n<meta property=\"og:description\" content=\"SALUDHABLE | REVISTA GRATUITA Saludhable personifica la mezcla entre ocio y consejos para vivir bien. Entre sus p\u00e1ginas adornadas con dise\u00f1os cl\u00e1sicos, que combinan con lo moderno, encontrar\u00e9is un producto que inspira a sus lectores a motivarse y a aprender curiosidades. Siempre con art\u00edculos pensados para el p\u00fablico m\u00e1s diverso, desde juegos para los m\u00e1s [&hellip;]\" \/>\n<meta property=\"og:url\" content=\"https:\/\/saludhable.net\/index.php\/about-me\/\" \/>\n<meta property=\"og:site_name\" content=\"saludhable.net\" \/>\n<meta property=\"article:modified_time\" content=\"2021-04-13T11:33:46+00:00\" \/>\n<meta property=\"og:image\" content=\"https:\/\/saludhable.net\/wp-content\/uploads\/2021\/04\/IMG_7845-scaled.jpg\" \/>\n\t<meta property=\"og:image:width\" content=\"1707\" \/>\n\t<meta property=\"og:image:height\" content=\"2560\" \/>\n\t<meta property=\"og:image:type\" content=\"image\/jpeg\" \/>\n<meta name=\"twitter:card\" content=\"summary_large_image\" \/>\n<meta name=\"twitter:label1\" content=\"Tiempo de lectura\" \/>\n\t<meta name=\"twitter:data1\" content=\"3 minutos\" \/>\n<script type=\"application\/ld+json\" class=\"yoast-schema-graph\">{\"@context\":\"https:\\\/\\\/schema.org\",\"@graph\":[{\"@type\":\"WebPage\",\"@id\":\"https:\\\/\\\/saludhable.net\\\/index.php\\\/about-me\\\/\",\"url\":\"https:\\\/\\\/saludhable.net\\\/index.php\\\/about-me\\\/\",\"name\":\"Sobre Nosotros - saludhable.net\",\"isPartOf\":{\"@id\":\"https:\\\/\\\/saludhable.net\\\/#website\"},\"primaryImageOfPage\":{\"@id\":\"https:\\\/\\\/saludhable.net\\\/index.php\\\/about-me\\\/#primaryimage\"},\"image\":{\"@id\":\"https:\\\/\\\/saludhable.net\\\/index.php\\\/about-me\\\/#primaryimage\"},\"thumbnailUrl\":\"https:\\\/\\\/saludhable.net\\\/wp-content\\\/uploads\\\/2021\\\/04\\\/IMG_7845-scaled.jpg\",\"datePublished\":\"2020-05-21T13:02:30+00:00\",\"dateModified\":\"2021-04-13T11:33:46+00:00\",\"breadcrumb\":{\"@id\":\"https:\\\/\\\/saludhable.net\\\/index.php\\\/about-me\\\/#breadcrumb\"},\"inLanguage\":\"es\",\"potentialAction\":[{\"@type\":\"ReadAction\",\"target\":[\"https:\\\/\\\/saludhable.net\\\/index.php\\\/about-me\\\/\"]}]},{\"@type\":\"ImageObject\",\"inLanguage\":\"es\",\"@id\":\"https:\\\/\\\/saludhable.net\\\/index.php\\\/about-me\\\/#primaryimage\",\"url\":\"https:\\\/\\\/saludhable.net\\\/wp-content\\\/uploads\\\/2021\\\/04\\\/IMG_7845-scaled.jpg\",\"contentUrl\":\"https:\\\/\\\/saludhable.net\\\/wp-content\\\/uploads\\\/2021\\\/04\\\/IMG_7845-scaled.jpg\",\"width\":1707,\"height\":2560},{\"@type\":\"BreadcrumbList\",\"@id\":\"https:\\\/\\\/saludhable.net\\\/index.php\\\/about-me\\\/#breadcrumb\",\"itemListElement\":[{\"@type\":\"ListItem\",\"position\":1,\"name\":\"Portada\",\"item\":\"https:\\\/\\\/saludhable.net\\\/\"},{\"@type\":\"ListItem\",\"position\":2,\"name\":\"Sobre Nosotros\"}]},{\"@type\":\"WebSite\",\"@id\":\"https:\\\/\\\/saludhable.net\\\/#website\",\"url\":\"https:\\\/\\\/saludhable.net\\\/\",\"name\":\"saludhable.net\",\"description\":\"Revista gratuita de ocio y salud\",\"publisher\":{\"@id\":\"https:\\\/\\\/saludhable.net\\\/#organization\"},\"potentialAction\":[{\"@type\":\"SearchAction\",\"target\":{\"@type\":\"EntryPoint\",\"urlTemplate\":\"https:\\\/\\\/saludhable.net\\\/?s={search_term_string}\"},\"query-input\":{\"@type\":\"PropertyValueSpecification\",\"valueRequired\":true,\"valueName\":\"search_term_string\"}}],\"inLanguage\":\"es\"},{\"@type\":\"Organization\",\"@id\":\"https:\\\/\\\/saludhable.net\\\/#organization\",\"name\":\"Saludhable\",\"url\":\"https:\\\/\\\/saludhable.net\\\/\",\"logo\":{\"@type\":\"ImageObject\",\"inLanguage\":\"es\",\"@id\":\"https:\\\/\\\/saludhable.net\\\/#\\\/schema\\\/logo\\\/image\\\/\",\"url\":\"https:\\\/\\\/saludhable.net\\\/wp-content\\\/uploads\\\/2021\\\/03\\\/SALUDHABLE-logo.png\",\"contentUrl\":\"https:\\\/\\\/saludhable.net\\\/wp-content\\\/uploads\\\/2021\\\/03\\\/SALUDHABLE-logo.png\",\"width\":1640,\"height\":304,\"caption\":\"Saludhable\"},\"image\":{\"@id\":\"https:\\\/\\\/saludhable.net\\\/#\\\/schema\\\/logo\\\/image\\\/\"}}]}<\/script>\n<!-- \/ Yoast SEO plugin. -->","yoast_head_json":{"title":"Sobre Nosotros - saludhable.net","robots":{"index":"index","follow":"follow","max-snippet":"max-snippet:-1","max-image-preview":"max-image-preview:large","max-video-preview":"max-video-preview:-1"},"canonical":"https:\/\/saludhable.net\/index.php\/about-me\/","og_locale":"es_ES","og_type":"article","og_title":"Sobre Nosotros - saludhable.net","og_description":"SALUDHABLE | REVISTA GRATUITA Saludhable personifica la mezcla entre ocio y consejos para vivir bien. Entre sus p\u00e1ginas adornadas con dise\u00f1os cl\u00e1sicos, que combinan con lo moderno, encontrar\u00e9is un producto que inspira a sus lectores a motivarse y a aprender curiosidades. Siempre con art\u00edculos pensados para el p\u00fablico m\u00e1s diverso, desde juegos para los m\u00e1s [&hellip;]","og_url":"https:\/\/saludhable.net\/index.php\/about-me\/","og_site_name":"saludhable.net","article_modified_time":"2021-04-13T11:33:46+00:00","og_image":[{"width":1707,"height":2560,"url":"https:\/\/saludhable.net\/wp-content\/uploads\/2021\/04\/IMG_7845-scaled.jpg","type":"image\/jpeg"}],"twitter_card":"summary_large_image","twitter_misc":{"Tiempo de lectura":"3 minutos"},"schema":{"@context":"https:\/\/schema.org","@graph":[{"@type":"WebPage","@id":"https:\/\/saludhable.net\/index.php\/about-me\/","url":"https:\/\/saludhable.net\/index.php\/about-me\/","name":"Sobre Nosotros - saludhable.net","isPartOf":{"@id":"https:\/\/saludhable.net\/#website"},"primaryImageOfPage":{"@id":"https:\/\/saludhable.net\/index.php\/about-me\/#primaryimage"},"image":{"@id":"https:\/\/saludhable.net\/index.php\/about-me\/#primaryimage"},"thumbnailUrl":"https:\/\/saludhable.net\/wp-content\/uploads\/2021\/04\/IMG_7845-scaled.jpg","datePublished":"2020-05-21T13:02:30+00:00","dateModified":"2021-04-13T11:33:46+00:00","breadcrumb":{"@id":"https:\/\/saludhable.net\/index.php\/about-me\/#breadcrumb"},"inLanguage":"es","potentialAction":[{"@type":"ReadAction","target":["https:\/\/saludhable.net\/index.php\/about-me\/"]}]},{"@type":"ImageObject","inLanguage":"es","@id":"https:\/\/saludhable.net\/index.php\/about-me\/#primaryimage","url":"https:\/\/saludhable.net\/wp-content\/uploads\/2021\/04\/IMG_7845-scaled.jpg","contentUrl":"https:\/\/saludhable.net\/wp-content\/uploads\/2021\/04\/IMG_7845-scaled.jpg","width":1707,"height":2560},{"@type":"BreadcrumbList","@id":"https:\/\/saludhable.net\/index.php\/about-me\/#breadcrumb","itemListElement":[{"@type":"ListItem","position":1,"name":"Portada","item":"https:\/\/saludhable.net\/"},{"@type":"ListItem","position":2,"name":"Sobre Nosotros"}]},{"@type":"WebSite","@id":"https:\/\/saludhable.net\/#website","url":"https:\/\/saludhable.net\/","name":"saludhable.net","description":"Revista gratuita de ocio y salud","publisher":{"@id":"https:\/\/saludhable.net\/#organization"},"potentialAction":[{"@type":"SearchAction","target":{"@type":"EntryPoint","urlTemplate":"https:\/\/saludhable.net\/?s={search_term_string}"},"query-input":{"@type":"PropertyValueSpecification","valueRequired":true,"valueName":"search_term_string"}}],"inLanguage":"es"},{"@type":"Organization","@id":"https:\/\/saludhable.net\/#organization","name":"Saludhable","url":"https:\/\/saludhable.net\/","logo":{"@type":"ImageObject","inLanguage":"es","@id":"https:\/\/saludhable.net\/#\/schema\/logo\/image\/","url":"https:\/\/saludhable.net\/wp-content\/uploads\/2021\/03\/SALUDHABLE-logo.png","contentUrl":"https:\/\/saludhable.net\/wp-content\/uploads\/2021\/03\/SALUDHABLE-logo.png","width":1640,"height":304,"caption":"Saludhable"},"image":{"@id":"https:\/\/saludhable.net\/#\/schema\/logo\/image\/"}}]}},"_links":{"self":[{"href":"https:\/\/saludhable.net\/index.php\/wp-json\/wp\/v2\/pages\/551","targetHints":{"allow":["GET"]}}],"collection":[{"href":"https:\/\/saludhable.net\/index.php\/wp-json\/wp\/v2\/pages"}],"about":[{"href":"https:\/\/saludhable.net\/index.php\/wp-json\/wp\/v2\/types\/page"}],"author":[{"embeddable":true,"href":"https:\/\/saludhable.net\/index.php\/wp-json\/wp\/v2\/users\/2"}],"replies":[{"embeddable":true,"href":"https:\/\/saludhable.net\/index.php\/wp-json\/wp\/v2\/comments?post=551"}],"version-history":[{"count":6,"href":"https:\/\/saludhable.net\/index.php\/wp-json\/wp\/v2\/pages\/551\/revisions"}],"predecessor-version":[{"id":1620,"href":"https:\/\/saludhable.net\/index.php\/wp-json\/wp\/v2\/pages\/551\/revisions\/1620"}],"wp:featuredmedia":[{"embeddable":true,"href":"https:\/\/saludhable.net\/index.php\/wp-json\/wp\/v2\/media\/1608"}],"wp:attachment":[{"href":"https:\/\/saludhable.net\/index.php\/wp-json\/wp\/v2\/media?parent=551"}],"curies":[{"name":"wp","href":"https:\/\/api.w.org\/{rel}","templated":true}]}}